{"id":247,"date":"2026-03-17T13:30:19","date_gmt":"2026-03-17T13:30:19","guid":{"rendered":"https:\/\/luonvuituoi.io.vn\/?page_id=247"},"modified":"2026-04-09T03:48:24","modified_gmt":"2026-04-09T03:48:24","slug":"gioi-thieu","status":"publish","type":"page","link":"https:\/\/luonvuituoi.io.vn\/?page_id=247","title":{"rendered":"Gi\u1edbi Thi\u1ec7u"},"content":{"rendered":"\n<p class=\"has-mdm-large-font-size\">\ud83c\udf1f Gi\u1edbi thi\u1ec7u trang web \ud83c\udf1f<\/p>\n\n\n\n<p class=\"has-mdm-large-font-size\">Ch\u00e0o m\u1eebng b\u1ea1n \u0111\u1ebfn v\u1edbi Lu\u00f4n Vui T\u01b0\u01a1i !<br>\u0110\u00e2y l\u00e0 n\u01a1i mua s\u1eafm h\u00e0ng cao c\u1ea5p nh\u01b0ng v\u1eabn mang l\u1ea1i c\u1ea3m gi\u00e1c th\u00e2n thi\u1ec7n, tho\u1ea3i m\u00e1i v\u00e0 vui t\u01b0\u01a1i. Ch\u00fang t\u00f4i tin r\u1eb1ng mua s\u1eafm kh\u00f4ng ch\u1ec9 l\u00e0 ch\u1ecdn s\u1ea3n ph\u1ea9m, m\u00e0 c\u00f2n l\u00e0 t\u1eadn h\u01b0\u1edfng ni\u1ec1m vui.<\/p>\n\n\n\n<p class=\"has-mdm-large-font-size\">\u2728 S\u1ea3n ph\u1ea9m ch\u1ea5t l\u01b0\u1ee3ng, sang tr\u1ecdng<\/p>\n\n\n\n<p class=\"has-mdm-large-font-size\">\ud83d\ude0a Giao di\u1ec7n th\u00e2n thi\u1ec7n, d\u1ec5 s\u1eed d\u1ee5ng<\/p>\n\n\n\n<p class=\"has-mdm-large-font-size\">\ud83d\udcac D\u1ecbch v\u1ee5 ch\u0103m s\u00f3c kh\u00e1ch h\u00e0ng nhi\u1ec7t t\u00ecnh<\/p>\n\n\n\n<p class=\"has-mdm-large-font-size\">\ud83c\udf89 M\u1ed7i l\u1ea7n mua s\u1eafm l\u00e0 m\u1ed9t tr\u1ea3i nghi\u1ec7m vui v\u1ebb<\/p>\n","protected":false},"excerpt":{"rendered":"<p>\ud83c\udf1f Gi\u1edbi thi\u1ec7u trang web \ud83c\udf1f Ch\u00e0o m\u1eebng b\u1ea1n \u0111\u1ebfn v\u1edbi Lu\u00f4n Vui T\u01b0\u01a1i !\u0110\u00e2y l\u00e0 n\u01a1i mua s\u1eafm h\u00e0ng cao c\u1ea5p nh\u01b0ng v\u1eabn mang l\u1ea1i c\u1ea3m gi\u00e1c th\u00e2n thi\u1ec7n, tho\u1ea3i m\u00e1i v\u00e0 vui t\u01b0\u01a1i. Ch\u00fang t\u00f4i tin r\u1eb1ng mua s\u1eafm kh\u00f4ng ch\u1ec9 l\u00e0 ch\u1ecdn s\u1ea3n ph\u1ea9m, m\u00e0 c\u00f2n l\u00e0 t\u1eadn h\u01b0\u1edfng ni\u1ec1m vui. \u2728 [&hellip;]<\/p>\n","protected":false},"author":1,"featured_media":280,"parent":0,"menu_order":0,"comment_status":"closed","ping_status":"closed","template":"","meta":{"_exactmetrics_skip_tracking":false,"_exactmetrics_sitenote_active":false,"_exactmetrics_sitenote_note":"","_exactmetrics_sitenote_category":0,"_monsterinsights_skip_tracking":false,"_monsterinsights_sitenote_active":false,"_monsterinsights_sitenote_note":"","_monsterinsights_sitenote_category":0,"footnotes":""},"class_list":["post-247","page","type-page","status-publish","has-post-thumbnail","hentry"],"yoast_head":"<!-- This site is optimized with the Yoast SEO plugin v27.4 - https:\/\/yoast.com\/product\/yoast-seo-wordpress\/ -->\n<title>Gi\u1edbi Thi\u1ec7u - Lu\u00f4n Vui T\u01b0\u01a1i<\/title>\n<meta name=\"robots\" content=\"index, follow, max-snippet:-1, max-image-preview:large, max-video-preview:-1\" \/>\n<link rel=\"canonical\" href=\"https:\/\/luonvuituoi.io.vn\/?page_id=247\" \/>\n<meta property=\"og:locale\" content=\"vi_VN\" \/>\n<meta property=\"og:type\" content=\"article\" \/>\n<meta property=\"og:title\" content=\"Gi\u1edbi Thi\u1ec7u - Lu\u00f4n Vui T\u01b0\u01a1i\" \/>\n<meta property=\"og:description\" content=\"\ud83c\udf1f Gi\u1edbi thi\u1ec7u trang web \ud83c\udf1f Ch\u00e0o m\u1eebng b\u1ea1n \u0111\u1ebfn v\u1edbi Lu\u00f4n Vui T\u01b0\u01a1i !\u0110\u00e2y l\u00e0 n\u01a1i mua s\u1eafm h\u00e0ng cao c\u1ea5p nh\u01b0ng v\u1eabn mang l\u1ea1i c\u1ea3m gi\u00e1c th\u00e2n thi\u1ec7n, tho\u1ea3i m\u00e1i v\u00e0 vui t\u01b0\u01a1i. Ch\u00fang t\u00f4i tin r\u1eb1ng mua s\u1eafm kh\u00f4ng ch\u1ec9 l\u00e0 ch\u1ecdn s\u1ea3n ph\u1ea9m, m\u00e0 c\u00f2n l\u00e0 t\u1eadn h\u01b0\u1edfng ni\u1ec1m vui. \u2728 [&hellip;]\" \/>\n<meta property=\"og:url\" content=\"https:\/\/luonvuituoi.io.vn\/?page_id=247\" \/>\n<meta property=\"og:site_name\" content=\"Lu\u00f4n Vui T\u01b0\u01a1i\" \/>\n<meta property=\"article:modified_time\" content=\"2026-04-09T03:48:24+00:00\" \/>\n<meta property=\"og:image\" content=\"https:\/\/luonvuituoi.io.vn\/wp-content\/uploads\/2026\/03\/tui-xach-louis-vuitton-chinh-hang-1.jpg\" \/>\n\t<meta property=\"og:image:width\" content=\"640\" \/>\n\t<meta property=\"og:image:height\" content=\"442\" \/>\n\t<meta property=\"og:image:type\" content=\"image\/jpeg\" \/>\n<meta name=\"twitter:card\" content=\"summary_large_image\" \/>\n<meta name=\"twitter:label1\" content=\"\u01af\u1edbc t\u00ednh th\u1eddi gian \u0111\u1ecdc\" \/>\n\t<meta name=\"twitter:data1\" content=\"1 ph\u00fat\" \/>\n<script type=\"application\/ld+json\" class=\"yoast-schema-graph\">{\"@context\":\"https:\\\/\\\/schema.org\",\"@graph\":[{\"@type\":\"WebPage\",\"@id\":\"https:\\\/\\\/luonvuituoi.io.vn\\\/?page_id=247\",\"url\":\"https:\\\/\\\/luonvuituoi.io.vn\\\/?page_id=247\",\"name\":\"Gi\u1edbi Thi\u1ec7u - Lu\u00f4n Vui T\u01b0\u01a1i\",\"isPartOf\":{\"@id\":\"https:\\\/\\\/luonvuituoi.io.vn\\\/#website\"},\"primaryImageOfPage\":{\"@id\":\"https:\\\/\\\/luonvuituoi.io.vn\\\/?page_id=247#primaryimage\"},\"image\":{\"@id\":\"https:\\\/\\\/luonvuituoi.io.vn\\\/?page_id=247#primaryimage\"},\"thumbnailUrl\":\"https:\\\/\\\/luonvuituoi.io.vn\\\/wp-content\\\/uploads\\\/2026\\\/03\\\/tui-xach-louis-vuitton-chinh-hang-1.jpg\",\"datePublished\":\"2026-03-17T13:30:19+00:00\",\"dateModified\":\"2026-04-09T03:48:24+00:00\",\"breadcrumb\":{\"@id\":\"https:\\\/\\\/luonvuituoi.io.vn\\\/?page_id=247#breadcrumb\"},\"inLanguage\":\"vi\",\"potentialAction\":[{\"@type\":\"ReadAction\",\"target\":[\"https:\\\/\\\/luonvuituoi.io.vn\\\/?page_id=247\"]}]},{\"@type\":\"ImageObject\",\"inLanguage\":\"vi\",\"@id\":\"https:\\\/\\\/luonvuituoi.io.vn\\\/?page_id=247#primaryimage\",\"url\":\"https:\\\/\\\/luonvuituoi.io.vn\\\/wp-content\\\/uploads\\\/2026\\\/03\\\/tui-xach-louis-vuitton-chinh-hang-1.jpg\",\"contentUrl\":\"https:\\\/\\\/luonvuituoi.io.vn\\\/wp-content\\\/uploads\\\/2026\\\/03\\\/tui-xach-louis-vuitton-chinh-hang-1.jpg\",\"width\":640,\"height\":442},{\"@type\":\"BreadcrumbList\",\"@id\":\"https:\\\/\\\/luonvuituoi.io.vn\\\/?page_id=247#breadcrumb\",\"itemListElement\":[{\"@type\":\"ListItem\",\"position\":1,\"name\":\"Trang ch\u1ee7\",\"item\":\"https:\\\/\\\/luonvuituoi.io.vn\\\/\"},{\"@type\":\"ListItem\",\"position\":2,\"name\":\"Gi\u1edbi Thi\u1ec7u\"}]},{\"@type\":\"WebSite\",\"@id\":\"https:\\\/\\\/luonvuituoi.io.vn\\\/#website\",\"url\":\"https:\\\/\\\/luonvuituoi.io.vn\\\/\",\"name\":\"Lu\u00f4n Vui T\u01b0\u01a1i\",\"description\":\"\",\"publisher\":{\"@id\":\"https:\\\/\\\/luonvuituoi.io.vn\\\/#organization\"},\"potentialAction\":[{\"@type\":\"SearchAction\",\"target\":{\"@type\":\"EntryPoint\",\"urlTemplate\":\"https:\\\/\\\/luonvuituoi.io.vn\\\/?s={search_term_string}\"},\"query-input\":{\"@type\":\"PropertyValueSpecification\",\"valueRequired\":true,\"valueName\":\"search_term_string\"}}],\"inLanguage\":\"vi\"},{\"@type\":\"Organization\",\"@id\":\"https:\\\/\\\/luonvuituoi.io.vn\\\/#organization\",\"name\":\"Lu\u00f4n Vui T\u01b0\u01a1i\",\"url\":\"https:\\\/\\\/luonvuituoi.io.vn\\\/\",\"logo\":{\"@type\":\"ImageObject\",\"inLanguage\":\"vi\",\"@id\":\"https:\\\/\\\/luonvuituoi.io.vn\\\/#\\\/schema\\\/logo\\\/image\\\/\",\"url\":\"https:\\\/\\\/luonvuituoi.io.vn\\\/wp-content\\\/uploads\\\/2026\\\/03\\\/image-removebg-preview-7.png\",\"contentUrl\":\"https:\\\/\\\/luonvuituoi.io.vn\\\/wp-content\\\/uploads\\\/2026\\\/03\\\/image-removebg-preview-7.png\",\"width\":500,\"height\":500,\"caption\":\"Lu\u00f4n Vui T\u01b0\u01a1i\"},\"image\":{\"@id\":\"https:\\\/\\\/luonvuituoi.io.vn\\\/#\\\/schema\\\/logo\\\/image\\\/\"}}]}<\/script>\n<!-- \/ Yoast SEO plugin. -->","yoast_head_json":{"title":"Gi\u1edbi Thi\u1ec7u - Lu\u00f4n Vui T\u01b0\u01a1i","robots":{"index":"index","follow":"follow","max-snippet":"max-snippet:-1","max-image-preview":"max-image-preview:large","max-video-preview":"max-video-preview:-1"},"canonical":"https:\/\/luonvuituoi.io.vn\/?page_id=247","og_locale":"vi_VN","og_type":"article","og_title":"Gi\u1edbi Thi\u1ec7u - Lu\u00f4n Vui T\u01b0\u01a1i","og_description":"\ud83c\udf1f Gi\u1edbi thi\u1ec7u trang web \ud83c\udf1f Ch\u00e0o m\u1eebng b\u1ea1n \u0111\u1ebfn v\u1edbi Lu\u00f4n Vui T\u01b0\u01a1i !\u0110\u00e2y l\u00e0 n\u01a1i mua s\u1eafm h\u00e0ng cao c\u1ea5p nh\u01b0ng v\u1eabn mang l\u1ea1i c\u1ea3m gi\u00e1c th\u00e2n thi\u1ec7n, tho\u1ea3i m\u00e1i v\u00e0 vui t\u01b0\u01a1i. Ch\u00fang t\u00f4i tin r\u1eb1ng mua s\u1eafm kh\u00f4ng ch\u1ec9 l\u00e0 ch\u1ecdn s\u1ea3n ph\u1ea9m, m\u00e0 c\u00f2n l\u00e0 t\u1eadn h\u01b0\u1edfng ni\u1ec1m vui. \u2728 [&hellip;]","og_url":"https:\/\/luonvuituoi.io.vn\/?page_id=247","og_site_name":"Lu\u00f4n Vui T\u01b0\u01a1i","article_modified_time":"2026-04-09T03:48:24+00:00","og_image":[{"width":640,"height":442,"url":"https:\/\/luonvuituoi.io.vn\/wp-content\/uploads\/2026\/03\/tui-xach-louis-vuitton-chinh-hang-1.jpg","type":"image\/jpeg"}],"twitter_card":"summary_large_image","twitter_misc":{"\u01af\u1edbc t\u00ednh th\u1eddi gian \u0111\u1ecdc":"1 ph\u00fat"},"schema":{"@context":"https:\/\/schema.org","@graph":[{"@type":"WebPage","@id":"https:\/\/luonvuituoi.io.vn\/?page_id=247","url":"https:\/\/luonvuituoi.io.vn\/?page_id=247","name":"Gi\u1edbi Thi\u1ec7u - Lu\u00f4n Vui T\u01b0\u01a1i","isPartOf":{"@id":"https:\/\/luonvuituoi.io.vn\/#website"},"primaryImageOfPage":{"@id":"https:\/\/luonvuituoi.io.vn\/?page_id=247#primaryimage"},"image":{"@id":"https:\/\/luonvuituoi.io.vn\/?page_id=247#primaryimage"},"thumbnailUrl":"https:\/\/luonvuituoi.io.vn\/wp-content\/uploads\/2026\/03\/tui-xach-louis-vuitton-chinh-hang-1.jpg","datePublished":"2026-03-17T13:30:19+00:00","dateModified":"2026-04-09T03:48:24+00:00","breadcrumb":{"@id":"https:\/\/luonvuituoi.io.vn\/?page_id=247#breadcrumb"},"inLanguage":"vi","potentialAction":[{"@type":"ReadAction","target":["https:\/\/luonvuituoi.io.vn\/?page_id=247"]}]},{"@type":"ImageObject","inLanguage":"vi","@id":"https:\/\/luonvuituoi.io.vn\/?page_id=247#primaryimage","url":"https:\/\/luonvuituoi.io.vn\/wp-content\/uploads\/2026\/03\/tui-xach-louis-vuitton-chinh-hang-1.jpg","contentUrl":"https:\/\/luonvuituoi.io.vn\/wp-content\/uploads\/2026\/03\/tui-xach-louis-vuitton-chinh-hang-1.jpg","width":640,"height":442},{"@type":"BreadcrumbList","@id":"https:\/\/luonvuituoi.io.vn\/?page_id=247#breadcrumb","itemListElement":[{"@type":"ListItem","position":1,"name":"Trang ch\u1ee7","item":"https:\/\/luonvuituoi.io.vn\/"},{"@type":"ListItem","position":2,"name":"Gi\u1edbi Thi\u1ec7u"}]},{"@type":"WebSite","@id":"https:\/\/luonvuituoi.io.vn\/#website","url":"https:\/\/luonvuituoi.io.vn\/","name":"Lu\u00f4n Vui T\u01b0\u01a1i","description":"","publisher":{"@id":"https:\/\/luonvuituoi.io.vn\/#organization"},"potentialAction":[{"@type":"SearchAction","target":{"@type":"EntryPoint","urlTemplate":"https:\/\/luonvuituoi.io.vn\/?s={search_term_string}"},"query-input":{"@type":"PropertyValueSpecification","valueRequired":true,"valueName":"search_term_string"}}],"inLanguage":"vi"},{"@type":"Organization","@id":"https:\/\/luonvuituoi.io.vn\/#organization","name":"Lu\u00f4n Vui T\u01b0\u01a1i","url":"https:\/\/luonvuituoi.io.vn\/","logo":{"@type":"ImageObject","inLanguage":"vi","@id":"https:\/\/luonvuituoi.io.vn\/#\/schema\/logo\/image\/","url":"https:\/\/luonvuituoi.io.vn\/wp-content\/uploads\/2026\/03\/image-removebg-preview-7.png","contentUrl":"https:\/\/luonvuituoi.io.vn\/wp-content\/uploads\/2026\/03\/image-removebg-preview-7.png","width":500,"height":500,"caption":"Lu\u00f4n Vui T\u01b0\u01a1i"},"image":{"@id":"https:\/\/luonvuituoi.io.vn\/#\/schema\/logo\/image\/"}}]}},"jetpack_sharing_enabled":true,"_links":{"self":[{"href":"https:\/\/luonvuituoi.io.vn\/index.php?rest_route=\/wp\/v2\/pages\/247","targetHints":{"allow":["GET"]}}],"collection":[{"href":"https:\/\/luonvuituoi.io.vn\/index.php?rest_route=\/wp\/v2\/pages"}],"about":[{"href":"https:\/\/luonvuituoi.io.vn\/index.php?rest_route=\/wp\/v2\/types\/page"}],"author":[{"embeddable":true,"href":"https:\/\/luonvuituoi.io.vn\/index.php?rest_route=\/wp\/v2\/users\/1"}],"replies":[{"embeddable":true,"href":"https:\/\/luonvuituoi.io.vn\/index.php?rest_route=%2Fwp%2Fv2%2Fcomments&post=247"}],"version-history":[{"count":2,"href":"https:\/\/luonvuituoi.io.vn\/index.php?rest_route=\/wp\/v2\/pages\/247\/revisions"}],"predecessor-version":[{"id":328,"href":"https:\/\/luonvuituoi.io.vn\/index.php?rest_route=\/wp\/v2\/pages\/247\/revisions\/328"}],"wp:featuredmedia":[{"embeddable":true,"href":"https:\/\/luonvuituoi.io.vn\/index.php?rest_route=\/wp\/v2\/media\/280"}],"wp:attachment":[{"href":"https:\/\/luonvuituoi.io.vn\/index.php?rest_route=%2Fwp%2Fv2%2Fmedia&parent=247"}],"curies":[{"name":"wp","href":"https:\/\/api.w.org\/{rel}","templated":true}]}}