{"id":255,"date":"2026-03-17T13:40:43","date_gmt":"2026-03-17T13:40:43","guid":{"rendered":"https:\/\/luonvuituoi.io.vn\/?page_id=255"},"modified":"2026-03-19T03:08:38","modified_gmt":"2026-03-19T03:08:38","slug":"lien-he-luon-vui-tuoi","status":"publish","type":"page","link":"https:\/\/luonvuituoi.io.vn\/?page_id=255","title":{"rendered":"Li\u00ean H\u1ec7"},"content":{"rendered":"\n<h1 class=\"wp-block-heading\"><a href=\"https:\/\/vn.louisvuitton.com\/vie-vn\/contact-us\">LI\u00caN H\u1ec6<\/a> V\u1edaI LU\u00d4N VUI T\u01af\u01a0I<\/h1>\n\n\n\n<p>B\u1ea1n c\u00f3 th\u1eafc m\u1eafc v\u1ec1 s\u1ea3n ph\u1ea9m, \u0111\u01a1n h\u00e0ng ho\u1eb7c mu\u1ed1n g\u00f3p \u00fd cho ch\u00fang t\u00f4i. \u0110\u1eebng ng\u1ea7n ng\u1ea1i k\u1ebft n\u1ed1i v\u1edbi \u0111\u1ed9i ng\u0169 ch\u0103m s\u00f3c kh\u00e1ch h\u00e0ng c\u1ee7a <strong>Lu\u00f4n Vui T\u01b0\u01a1i<\/strong>. Ch\u00fang t\u00f4i lu\u00f4n s\u1eb5n s\u00e0ng l\u1eafng nghe b\u1ea1n!<\/p>\n\n\n\n<p class=\"has-mdm-large-font-size\">\ud83d\udccd \u0110\u1ecba ch\u1ec9: 193 \u0110\u1ed7 V\u0103n Thi. Tr\u1ea5n Bi\u00ean t\u1ec9nh \u0110\u1ed3ng Nai.<br>\ud83d\udcde S\u0110T: 0969877019.<br>\ud83d\udce7 Email: lamnhattam2012@gmail.com.<br>\ud83d\udd52 Gi\u1edd m\u1edf c\u1eeda: 8h &#8211; 22h. <\/p>\n\n\n\n<h3 class=\"wp-block-heading\">\ud83d\udcac K\u1ebft N\u1ed1i Tr\u1ef1c Tuy\u1ebfn<\/h3>\n\n\n\n<p>\u0110\u1eebng qu\u00ean theo d\u00f5i v\u00e0 nh\u1eafn tin cho ch\u00fang t\u00f4i qua c\u00e1c k\u00eanh m\u1ea1ng x\u00e3 h\u1ed9i \u0111\u1ec3 c\u1eadp nh\u1eadt nh\u1eefng b\u1ed9 s\u01b0u t\u1eadp m\u1edbi nh\u1ea5t<\/p>\n\n\n\n<p><a href=\"https:\/\/vn.louisvuitton.com\/vie-vn\/contact-us\">https:\/\/vn.louisvuitton.com\/vie-vn\/contact-us<\/a><\/p>\n","protected":false},"excerpt":{"rendered":"<p>LI\u00caN H\u1ec6 V\u1edaI LU\u00d4N VUI T\u01af\u01a0I B\u1ea1n c\u00f3 th\u1eafc m\u1eafc v\u1ec1 s\u1ea3n ph\u1ea9m, \u0111\u01a1n h\u00e0ng ho\u1eb7c mu\u1ed1n g\u00f3p \u00fd cho ch\u00fang t\u00f4i. \u0110\u1eebng ng\u1ea7n ng\u1ea1i k\u1ebft n\u1ed1i v\u1edbi \u0111\u1ed9i ng\u0169 ch\u0103m s\u00f3c kh\u00e1ch h\u00e0ng c\u1ee7a Lu\u00f4n Vui T\u01b0\u01a1i. Ch\u00fang t\u00f4i lu\u00f4n s\u1eb5n s\u00e0ng l\u1eafng nghe b\u1ea1n! \ud83d\udccd \u0110\u1ecba ch\u1ec9: 193 \u0110\u1ed7 V\u0103n Thi. Tr\u1ea5n Bi\u00ean [&hellip;]<\/p>\n","protected":false},"author":1,"featured_media":268,"parent":0,"menu_order":0,"comment_status":"closed","ping_status":"closed","template":"","meta":{"_exactmetrics_skip_tracking":false,"_exactmetrics_sitenote_active":false,"_exactmetrics_sitenote_note":"","_exactmetrics_sitenote_category":0,"_monsterinsights_skip_tracking":false,"_monsterinsights_sitenote_active":false,"_monsterinsights_sitenote_note":"","_monsterinsights_sitenote_category":0,"footnotes":""},"class_list":["post-255","page","type-page","status-publish","has-post-thumbnail","hentry"],"yoast_head":"<!-- This site is optimized with the Yoast SEO plugin v27.4 - https:\/\/yoast.com\/product\/yoast-seo-wordpress\/ -->\n<title>Li\u00ean H\u1ec7 - Lu\u00f4n Vui T\u01b0\u01a1i<\/title>\n<meta name=\"description\" content=\"LI\u00caN H\u1ec6 V\u1edaI LU\u00d4N VUI T\u01af\u01a0I B\u1ea1n c\u00f3 th\u1eafc m\u1eafc v\u1ec1 s\u1ea3n ph\u1ea9m, \u0111\u01a1n h\u00e0ng ho\u1eb7c mu\u1ed1n g\u00f3p \u00fd cho ch\u00fang t\u00f4i? \u0110\u1eebng ng\u1ea7n ng\u1ea1i k\u1ebft n\u1ed1i v\u1edbi \u0111\u1ed9i ng\u0169 ch\u0103m s\u00f3c.\" \/>\n<meta name=\"robots\" content=\"index, follow, max-snippet:-1, max-image-preview:large, max-video-preview:-1\" \/>\n<link rel=\"canonical\" href=\"https:\/\/luonvuituoi.io.vn\/?page_id=255\" \/>\n<meta property=\"og:locale\" content=\"vi_VN\" \/>\n<meta property=\"og:type\" content=\"article\" \/>\n<meta property=\"og:title\" content=\"Li\u00ean H\u1ec7 - Lu\u00f4n Vui T\u01b0\u01a1i\" \/>\n<meta property=\"og:description\" content=\"LI\u00caN H\u1ec6 V\u1edaI LU\u00d4N VUI T\u01af\u01a0I B\u1ea1n c\u00f3 th\u1eafc m\u1eafc v\u1ec1 s\u1ea3n ph\u1ea9m, \u0111\u01a1n h\u00e0ng ho\u1eb7c mu\u1ed1n g\u00f3p \u00fd cho ch\u00fang t\u00f4i? \u0110\u1eebng ng\u1ea7n ng\u1ea1i k\u1ebft n\u1ed1i v\u1edbi \u0111\u1ed9i ng\u0169 ch\u0103m s\u00f3c.\" \/>\n<meta property=\"og:url\" content=\"https:\/\/luonvuituoi.io.vn\/?page_id=255\" \/>\n<meta property=\"og:site_name\" content=\"Lu\u00f4n Vui T\u01b0\u01a1i\" \/>\n<meta property=\"article:modified_time\" content=\"2026-03-19T03:08:38+00:00\" \/>\n<meta property=\"og:image\" content=\"https:\/\/luonvuituoi.io.vn\/wp-content\/uploads\/2026\/03\/logo-thuong-hieu-LV-elle-man-feature.jpg\" \/>\n\t<meta property=\"og:image:width\" content=\"800\" \/>\n\t<meta property=\"og:image:height\" content=\"450\" \/>\n\t<meta property=\"og:image:type\" content=\"image\/jpeg\" \/>\n<meta name=\"twitter:card\" content=\"summary_large_image\" \/>\n<meta name=\"twitter:label1\" content=\"\u01af\u1edbc t\u00ednh th\u1eddi gian \u0111\u1ecdc\" \/>\n\t<meta name=\"twitter:data1\" content=\"1 ph\u00fat\" \/>\n<script type=\"application\/ld+json\" class=\"yoast-schema-graph\">{\"@context\":\"https:\\\/\\\/schema.org\",\"@graph\":[{\"@type\":\"WebPage\",\"@id\":\"https:\\\/\\\/luonvuituoi.io.vn\\\/?page_id=255\",\"url\":\"https:\\\/\\\/luonvuituoi.io.vn\\\/?page_id=255\",\"name\":\"Li\u00ean H\u1ec7 - Lu\u00f4n Vui T\u01b0\u01a1i\",\"isPartOf\":{\"@id\":\"https:\\\/\\\/luonvuituoi.io.vn\\\/#website\"},\"primaryImageOfPage\":{\"@id\":\"https:\\\/\\\/luonvuituoi.io.vn\\\/?page_id=255#primaryimage\"},\"image\":{\"@id\":\"https:\\\/\\\/luonvuituoi.io.vn\\\/?page_id=255#primaryimage\"},\"thumbnailUrl\":\"https:\\\/\\\/luonvuituoi.io.vn\\\/wp-content\\\/uploads\\\/2026\\\/03\\\/logo-thuong-hieu-LV-elle-man-feature.jpg\",\"datePublished\":\"2026-03-17T13:40:43+00:00\",\"dateModified\":\"2026-03-19T03:08:38+00:00\",\"description\":\"LI\u00caN H\u1ec6 V\u1edaI LU\u00d4N VUI T\u01af\u01a0I B\u1ea1n c\u00f3 th\u1eafc m\u1eafc v\u1ec1 s\u1ea3n ph\u1ea9m, \u0111\u01a1n h\u00e0ng ho\u1eb7c mu\u1ed1n g\u00f3p \u00fd cho ch\u00fang t\u00f4i? \u0110\u1eebng ng\u1ea7n ng\u1ea1i k\u1ebft n\u1ed1i v\u1edbi \u0111\u1ed9i ng\u0169 ch\u0103m s\u00f3c.\",\"breadcrumb\":{\"@id\":\"https:\\\/\\\/luonvuituoi.io.vn\\\/?page_id=255#breadcrumb\"},\"inLanguage\":\"vi\",\"potentialAction\":[{\"@type\":\"ReadAction\",\"target\":[\"https:\\\/\\\/luonvuituoi.io.vn\\\/?page_id=255\"]}]},{\"@type\":\"ImageObject\",\"inLanguage\":\"vi\",\"@id\":\"https:\\\/\\\/luonvuituoi.io.vn\\\/?page_id=255#primaryimage\",\"url\":\"https:\\\/\\\/luonvuituoi.io.vn\\\/wp-content\\\/uploads\\\/2026\\\/03\\\/logo-thuong-hieu-LV-elle-man-feature.jpg\",\"contentUrl\":\"https:\\\/\\\/luonvuituoi.io.vn\\\/wp-content\\\/uploads\\\/2026\\\/03\\\/logo-thuong-hieu-LV-elle-man-feature.jpg\",\"width\":800,\"height\":450},{\"@type\":\"BreadcrumbList\",\"@id\":\"https:\\\/\\\/luonvuituoi.io.vn\\\/?page_id=255#breadcrumb\",\"itemListElement\":[{\"@type\":\"ListItem\",\"position\":1,\"name\":\"Trang ch\u1ee7\",\"item\":\"https:\\\/\\\/luonvuituoi.io.vn\\\/\"},{\"@type\":\"ListItem\",\"position\":2,\"name\":\"Li\u00ean H\u1ec7\"}]},{\"@type\":\"WebSite\",\"@id\":\"https:\\\/\\\/luonvuituoi.io.vn\\\/#website\",\"url\":\"https:\\\/\\\/luonvuituoi.io.vn\\\/\",\"name\":\"Lu\u00f4n Vui T\u01b0\u01a1i\",\"description\":\"\",\"publisher\":{\"@id\":\"https:\\\/\\\/luonvuituoi.io.vn\\\/#organization\"},\"potentialAction\":[{\"@type\":\"SearchAction\",\"target\":{\"@type\":\"EntryPoint\",\"urlTemplate\":\"https:\\\/\\\/luonvuituoi.io.vn\\\/?s={search_term_string}\"},\"query-input\":{\"@type\":\"PropertyValueSpecification\",\"valueRequired\":true,\"valueName\":\"search_term_string\"}}],\"inLanguage\":\"vi\"},{\"@type\":\"Organization\",\"@id\":\"https:\\\/\\\/luonvuituoi.io.vn\\\/#organization\",\"name\":\"Lu\u00f4n Vui T\u01b0\u01a1i\",\"url\":\"https:\\\/\\\/luonvuituoi.io.vn\\\/\",\"logo\":{\"@type\":\"ImageObject\",\"inLanguage\":\"vi\",\"@id\":\"https:\\\/\\\/luonvuituoi.io.vn\\\/#\\\/schema\\\/logo\\\/image\\\/\",\"url\":\"https:\\\/\\\/luonvuituoi.io.vn\\\/wp-content\\\/uploads\\\/2026\\\/03\\\/image-removebg-preview-7.png\",\"contentUrl\":\"https:\\\/\\\/luonvuituoi.io.vn\\\/wp-content\\\/uploads\\\/2026\\\/03\\\/image-removebg-preview-7.png\",\"width\":500,\"height\":500,\"caption\":\"Lu\u00f4n Vui T\u01b0\u01a1i\"},\"image\":{\"@id\":\"https:\\\/\\\/luonvuituoi.io.vn\\\/#\\\/schema\\\/logo\\\/image\\\/\"}}]}<\/script>\n<!-- \/ Yoast SEO plugin. -->","yoast_head_json":{"title":"Li\u00ean H\u1ec7 - Lu\u00f4n Vui T\u01b0\u01a1i","description":"LI\u00caN H\u1ec6 V\u1edaI LU\u00d4N VUI T\u01af\u01a0I B\u1ea1n c\u00f3 th\u1eafc m\u1eafc v\u1ec1 s\u1ea3n ph\u1ea9m, \u0111\u01a1n h\u00e0ng ho\u1eb7c mu\u1ed1n g\u00f3p \u00fd cho ch\u00fang t\u00f4i? \u0110\u1eebng ng\u1ea7n ng\u1ea1i k\u1ebft n\u1ed1i v\u1edbi \u0111\u1ed9i ng\u0169 ch\u0103m s\u00f3c.","robots":{"index":"index","follow":"follow","max-snippet":"max-snippet:-1","max-image-preview":"max-image-preview:large","max-video-preview":"max-video-preview:-1"},"canonical":"https:\/\/luonvuituoi.io.vn\/?page_id=255","og_locale":"vi_VN","og_type":"article","og_title":"Li\u00ean H\u1ec7 - Lu\u00f4n Vui T\u01b0\u01a1i","og_description":"LI\u00caN H\u1ec6 V\u1edaI LU\u00d4N VUI T\u01af\u01a0I B\u1ea1n c\u00f3 th\u1eafc m\u1eafc v\u1ec1 s\u1ea3n ph\u1ea9m, \u0111\u01a1n h\u00e0ng ho\u1eb7c mu\u1ed1n g\u00f3p \u00fd cho ch\u00fang t\u00f4i? \u0110\u1eebng ng\u1ea7n ng\u1ea1i k\u1ebft n\u1ed1i v\u1edbi \u0111\u1ed9i ng\u0169 ch\u0103m s\u00f3c.","og_url":"https:\/\/luonvuituoi.io.vn\/?page_id=255","og_site_name":"Lu\u00f4n Vui T\u01b0\u01a1i","article_modified_time":"2026-03-19T03:08:38+00:00","og_image":[{"width":800,"height":450,"url":"https:\/\/luonvuituoi.io.vn\/wp-content\/uploads\/2026\/03\/logo-thuong-hieu-LV-elle-man-feature.jpg","type":"image\/jpeg"}],"twitter_card":"summary_large_image","twitter_misc":{"\u01af\u1edbc t\u00ednh th\u1eddi gian \u0111\u1ecdc":"1 ph\u00fat"},"schema":{"@context":"https:\/\/schema.org","@graph":[{"@type":"WebPage","@id":"https:\/\/luonvuituoi.io.vn\/?page_id=255","url":"https:\/\/luonvuituoi.io.vn\/?page_id=255","name":"Li\u00ean H\u1ec7 - Lu\u00f4n Vui T\u01b0\u01a1i","isPartOf":{"@id":"https:\/\/luonvuituoi.io.vn\/#website"},"primaryImageOfPage":{"@id":"https:\/\/luonvuituoi.io.vn\/?page_id=255#primaryimage"},"image":{"@id":"https:\/\/luonvuituoi.io.vn\/?page_id=255#primaryimage"},"thumbnailUrl":"https:\/\/luonvuituoi.io.vn\/wp-content\/uploads\/2026\/03\/logo-thuong-hieu-LV-elle-man-feature.jpg","datePublished":"2026-03-17T13:40:43+00:00","dateModified":"2026-03-19T03:08:38+00:00","description":"LI\u00caN H\u1ec6 V\u1edaI LU\u00d4N VUI T\u01af\u01a0I B\u1ea1n c\u00f3 th\u1eafc m\u1eafc v\u1ec1 s\u1ea3n ph\u1ea9m, \u0111\u01a1n h\u00e0ng ho\u1eb7c mu\u1ed1n g\u00f3p \u00fd cho ch\u00fang t\u00f4i? \u0110\u1eebng ng\u1ea7n ng\u1ea1i k\u1ebft n\u1ed1i v\u1edbi \u0111\u1ed9i ng\u0169 ch\u0103m s\u00f3c.","breadcrumb":{"@id":"https:\/\/luonvuituoi.io.vn\/?page_id=255#breadcrumb"},"inLanguage":"vi","potentialAction":[{"@type":"ReadAction","target":["https:\/\/luonvuituoi.io.vn\/?page_id=255"]}]},{"@type":"ImageObject","inLanguage":"vi","@id":"https:\/\/luonvuituoi.io.vn\/?page_id=255#primaryimage","url":"https:\/\/luonvuituoi.io.vn\/wp-content\/uploads\/2026\/03\/logo-thuong-hieu-LV-elle-man-feature.jpg","contentUrl":"https:\/\/luonvuituoi.io.vn\/wp-content\/uploads\/2026\/03\/logo-thuong-hieu-LV-elle-man-feature.jpg","width":800,"height":450},{"@type":"BreadcrumbList","@id":"https:\/\/luonvuituoi.io.vn\/?page_id=255#breadcrumb","itemListElement":[{"@type":"ListItem","position":1,"name":"Trang ch\u1ee7","item":"https:\/\/luonvuituoi.io.vn\/"},{"@type":"ListItem","position":2,"name":"Li\u00ean H\u1ec7"}]},{"@type":"WebSite","@id":"https:\/\/luonvuituoi.io.vn\/#website","url":"https:\/\/luonvuituoi.io.vn\/","name":"Lu\u00f4n Vui T\u01b0\u01a1i","description":"","publisher":{"@id":"https:\/\/luonvuituoi.io.vn\/#organization"},"potentialAction":[{"@type":"SearchAction","target":{"@type":"EntryPoint","urlTemplate":"https:\/\/luonvuituoi.io.vn\/?s={search_term_string}"},"query-input":{"@type":"PropertyValueSpecification","valueRequired":true,"valueName":"search_term_string"}}],"inLanguage":"vi"},{"@type":"Organization","@id":"https:\/\/luonvuituoi.io.vn\/#organization","name":"Lu\u00f4n Vui T\u01b0\u01a1i","url":"https:\/\/luonvuituoi.io.vn\/","logo":{"@type":"ImageObject","inLanguage":"vi","@id":"https:\/\/luonvuituoi.io.vn\/#\/schema\/logo\/image\/","url":"https:\/\/luonvuituoi.io.vn\/wp-content\/uploads\/2026\/03\/image-removebg-preview-7.png","contentUrl":"https:\/\/luonvuituoi.io.vn\/wp-content\/uploads\/2026\/03\/image-removebg-preview-7.png","width":500,"height":500,"caption":"Lu\u00f4n Vui T\u01b0\u01a1i"},"image":{"@id":"https:\/\/luonvuituoi.io.vn\/#\/schema\/logo\/image\/"}}]}},"jetpack_sharing_enabled":true,"_links":{"self":[{"href":"https:\/\/luonvuituoi.io.vn\/index.php?rest_route=\/wp\/v2\/pages\/255","targetHints":{"allow":["GET"]}}],"collection":[{"href":"https:\/\/luonvuituoi.io.vn\/index.php?rest_route=\/wp\/v2\/pages"}],"about":[{"href":"https:\/\/luonvuituoi.io.vn\/index.php?rest_route=\/wp\/v2\/types\/page"}],"author":[{"embeddable":true,"href":"https:\/\/luonvuituoi.io.vn\/index.php?rest_route=\/wp\/v2\/users\/1"}],"replies":[{"embeddable":true,"href":"https:\/\/luonvuituoi.io.vn\/index.php?rest_route=%2Fwp%2Fv2%2Fcomments&post=255"}],"version-history":[{"count":3,"href":"https:\/\/luonvuituoi.io.vn\/index.php?rest_route=\/wp\/v2\/pages\/255\/revisions"}],"predecessor-version":[{"id":284,"href":"https:\/\/luonvuituoi.io.vn\/index.php?rest_route=\/wp\/v2\/pages\/255\/revisions\/284"}],"wp:featuredmedia":[{"embeddable":true,"href":"https:\/\/luonvuituoi.io.vn\/index.php?rest_route=\/wp\/v2\/media\/268"}],"wp:attachment":[{"href":"https:\/\/luonvuituoi.io.vn\/index.php?rest_route=%2Fwp%2Fv2%2Fmedia&parent=255"}],"curies":[{"name":"wp","href":"https:\/\/api.w.org\/{rel}","templated":true}]}}