{"id":266,"date":"2026-03-19T02:58:30","date_gmt":"2026-03-19T02:58:30","guid":{"rendered":"https:\/\/luonvuituoi.io.vn\/?page_id=266"},"modified":"2026-03-19T03:00:03","modified_gmt":"2026-03-19T03:00:03","slug":"chinh-sach-cua-hang-luon-vui-tuoi","status":"publish","type":"page","link":"https:\/\/luonvuituoi.io.vn\/?page_id=266","title":{"rendered":"Ch\u00ednh S\u00e1ch"},"content":{"rendered":"\n<h1 class=\"wp-block-heading\">CH\u00cdNH S\u00c1CH C\u1eecA H\u00c0NG LU\u00d4N VUI T\u01af\u01a0I<\/h1>\n\n\n\n<p>Ch\u00e0o m\u1eebng b\u1ea1n \u0111\u1ebfn v\u1edbi <strong>Lu\u00f4n Vui T\u01b0\u01a1i<\/strong>! \u0110\u1ec3 \u0111\u1ea3m b\u1ea3o quy\u1ec1n l\u1ee3i c\u1ee7a kh\u00e1ch h\u00e0ng v\u00e0 mang l\u1ea1i tr\u1ea3i nghi\u1ec7m mua s\u1eafm t\u1ed1t nh\u1ea5t, ch\u00fang t\u00f4i xin th\u00f4ng b\u00e1o c\u00e1c ch\u00ednh s\u00e1ch ch\u00ednh th\u1ee9c nh\u01b0 sau:<\/p>\n\n\n\n<h3 class=\"wp-block-heading\">1. Ch\u00ednh S\u00e1ch \u0110\u1ed5i Tr\u1ea3<\/h3>\n\n\n\n<p>Ch\u00fang t\u00f4i lu\u00f4n mong mu\u1ed1n b\u1ea1n h\u00e0i l\u00f2ng v\u1edbi s\u1ea3n ph\u1ea9m \u0111\u00e3 ch\u1ecdn. N\u1ebfu c\u00f3 b\u1ea5t k\u1ef3 v\u1ea5n \u0111\u1ec1 g\u00ec, b\u1ea1n c\u00f3 th\u1ec3 \u0111\u1ed5i h\u00e0ng theo quy \u0111\u1ecbnh sau:<\/p>\n\n\n\n<ul class=\"wp-block-list\">\n<li><strong>Th\u1eddi h\u1ea1n \u0111\u1ed5i h\u00e0ng:<\/strong> Trong v\u00f2ng <strong>07 ng\u00e0y<\/strong> k\u1ec3 t\u1eeb ng\u00e0y nh\u1eadn \u0111\u01b0\u1ee3c h\u00e0ng.<\/li>\n\n\n\n<li><strong>\u0110i\u1ec1u ki\u1ec7n s\u1ea3n ph\u1ea9m:<\/strong> S\u1ea3n ph\u1ea9m c\u00f2n nguy\u00ean tem m\u00e1c, ch\u01b0a qua s\u1eed d\u1ee5ng, gi\u1eb7t l\u00e0 v\u00e0 kh\u00f4ng c\u00f3 m\u00f9i l\u1ea1.<\/li>\n\n\n\n<li><strong>Tr\u01b0\u1eddng h\u1ee3p l\u1ed7i t\u1eeb nh\u00e0 s\u1ea3n xu\u1ea5t:<\/strong> Lu\u00f4n Vui T\u01b0\u01a1i s\u1ebd ch\u1ecbu to\u00e0n b\u1ed9 ph\u00ed v\u1eadn chuy\u1ec3n \u0111\u1ed5i tr\u1ea3 n\u1ebfu s\u1ea3n ph\u1ea9m b\u1ecb r\u00e1ch, loang m\u00e0u ho\u1eb7c giao sai m\u1eabu\/size.<\/li>\n\n\n\n<li><strong>Tr\u01b0\u1eddng h\u1ee3p \u0111\u1ed5i theo nhu c\u1ea7u:<\/strong> Kh\u00e1ch h\u00e0ng vui l\u00f2ng thanh to\u00e1n ph\u00ed v\u1eadn chuy\u1ec3n 2 chi\u1ec1u.<\/li>\n\n\n\n<li><em>L\u01b0u \u00fd: Kh\u00f4ng \u00e1p d\u1ee5ng \u0111\u1ed5i tr\u1ea3 v\u1edbi c\u00e1c s\u1ea3n ph\u1ea9m n\u1eb1m trong ch\u01b0\u01a1ng tr\u00ecnh x\u1ea3 kho ho\u1eb7c gi\u1ea3m gi\u00e1 tr\u00ean 50%.<\/em><\/li>\n<\/ul>\n\n\n\n<h3 class=\"wp-block-heading\">2. Ch\u00ednh S\u00e1ch V\u1eadn Chuy\u1ec3n<\/h3>\n\n\n\n<ul class=\"wp-block-list\">\n<li><strong>Th\u1eddi gian giao h\u00e0ng:<\/strong> * Khu v\u1ef1c n\u1ed9i th\u00e0nh: 1-2 ng\u00e0y l\u00e0m vi\u1ec7c.\n<ul class=\"wp-block-list\">\n<li>Khu v\u1ef1c ngo\u1ea1i th\u00e0nh v\u00e0 c\u00e1c t\u1ec9nh: 3-5 ng\u00e0y l\u00e0m vi\u1ec7c.<\/li>\n<\/ul>\n<\/li>\n\n\n\n<li><strong>Ph\u00ed v\u1eadn chuy\u1ec3n:<\/strong>\n<ul class=\"wp-block-list\">\n<li>\u0110\u1ed3ng gi\u00e1 ship to\u00e0n qu\u1ed1c: 30.000 VN\u0110.<\/li>\n\n\n\n<li><strong>Mi\u1ec5n ph\u00ed v\u1eadn chuy\u1ec3n (Free Shipping):<\/strong> Cho m\u1ecdi \u0111\u01a1n h\u00e0ng c\u00f3 gi\u00e1 tr\u1ecb t\u1eeb <strong>$50 (kho\u1ea3ng 1.250.000 VN\u0110)<\/strong> tr\u1edf l\u00ean (nh\u01b0 th\u00f4ng b\u00e1o tr\u00ean banner website).<\/li>\n<\/ul>\n<\/li>\n<\/ul>\n\n\n\n<h3 class=\"wp-block-heading\">3. Ch\u00ednh S\u00e1ch B\u1ea3o M\u1eadt Th\u00f4ng Tin<\/h3>\n\n\n\n<p>Lu\u00f4n Vui T\u01b0\u01a1i cam k\u1ebft b\u1ea3o v\u1ec7 th\u00f4ng tin c\u00e1 nh\u00e2n c\u1ee7a b\u1ea1n:<\/p>\n\n\n\n<ul class=\"wp-block-list\">\n<li>Ch\u00fang t\u00f4i ch\u1ec9 thu th\u1eadp th\u00f4ng tin (H\u1ecd t\u00ean, S\u0110T, \u0110\u1ecba ch\u1ec9) \u0111\u1ec3 ph\u1ee5c v\u1ee5 vi\u1ec7c x\u1eed l\u00fd \u0111\u01a1n h\u00e0ng v\u00e0 ch\u0103m s\u00f3c kh\u00e1ch h\u00e0ng.<\/li>\n\n\n\n<li>Tuy\u1ec7t \u0111\u1ed1i kh\u00f4ng chia s\u1ebb th\u00f4ng tin c\u1ee7a kh\u00e1ch h\u00e0ng cho b\u00ean th\u1ee9 ba v\u00ec m\u1ee5c \u0111\u00edch th\u01b0\u01a1ng m\u1ea1i.<\/li>\n\n\n\n<li>M\u1ecdi th\u00f4ng tin thanh to\u00e1n \u0111\u01b0\u1ee3c b\u1ea3o m\u1eadt qua c\u00e1c c\u1ed5ng thanh to\u00e1n uy t\u00edn.<\/li>\n<\/ul>\n\n\n\n<h3 class=\"wp-block-heading\">4. Th\u00f4ng Tin Li\u00ean H\u1ec7<\/h3>\n\n\n\n<p>N\u1ebfu b\u1ea1n c\u00f3 b\u1ea5t k\u1ef3 th\u1eafc m\u1eafc ho\u1eb7c c\u1ea7n h\u1ed7 tr\u1ee3 g\u1ea5p, vui l\u00f2ng li\u00ean h\u1ec7 v\u1edbi ch\u00fang t\u00f4i qua:<\/p>\n\n\n\n<ul class=\"wp-block-list\">\n<li><strong>Hotline:<\/strong> 0969 877 019<\/li>\n\n\n\n<li><strong>Email:<\/strong> lamnhattam20144@gmail.com<\/li>\n\n\n\n<li><strong>\u0110\u1ecba ch\u1ec9:<\/strong> 193 \u0110\u1ed7 V\u0103n Thi,Ph\u01b0\u1eddng Tr\u1ea5n Bi\u00ean,\u0110\u1ed3ng Nai<\/li>\n<\/ul>\n\n\n\n<p><strong>Lu\u00f4n Vui T\u01b0\u01a1i &#8211; Mang \u0111\u1ebfn s\u1ef1 t\u1ef1 tin v\u00e0 tr\u00e0n \u0111\u1ea7y n\u0103ng l\u01b0\u1ee3ng!<\/strong><\/p>\n","protected":false},"excerpt":{"rendered":"<p>CH\u00cdNH S\u00c1CH C\u1eecA H\u00c0NG LU\u00d4N VUI T\u01af\u01a0I Ch\u00e0o m\u1eebng b\u1ea1n \u0111\u1ebfn v\u1edbi Lu\u00f4n Vui T\u01b0\u01a1i! \u0110\u1ec3 \u0111\u1ea3m b\u1ea3o quy\u1ec1n l\u1ee3i c\u1ee7a kh\u00e1ch h\u00e0ng v\u00e0 mang l\u1ea1i tr\u1ea3i nghi\u1ec7m mua s\u1eafm t\u1ed1t nh\u1ea5t, ch\u00fang t\u00f4i xin th\u00f4ng b\u00e1o c\u00e1c ch\u00ednh s\u00e1ch ch\u00ednh th\u1ee9c nh\u01b0 sau: 1. Ch\u00ednh S\u00e1ch \u0110\u1ed5i Tr\u1ea3 Ch\u00fang t\u00f4i lu\u00f4n mong mu\u1ed1n b\u1ea1n [&hellip;]<\/p>\n","protected":false},"author":1,"featured_media":280,"parent":0,"menu_order":0,"comment_status":"closed","ping_status":"closed","template":"","meta":{"_exactmetrics_skip_tracking":false,"_exactmetrics_sitenote_active":false,"_exactmetrics_sitenote_note":"","_exactmetrics_sitenote_category":0,"_monsterinsights_skip_tracking":false,"_monsterinsights_sitenote_active":false,"_monsterinsights_sitenote_note":"","_monsterinsights_sitenote_category":0,"footnotes":""},"class_list":["post-266","page","type-page","status-publish","has-post-thumbnail","hentry"],"yoast_head":"<!-- This site is optimized with the Yoast SEO plugin v27.4 - https:\/\/yoast.com\/product\/yoast-seo-wordpress\/ -->\n<title>Ch\u00ednh S\u00e1ch - Lu\u00f4n Vui T\u01b0\u01a1i<\/title>\n<meta name=\"description\" content=\"CH\u00cdNH S\u00c1CH C\u1eecA H\u00c0NG LU\u00d4N VUI T\u01af\u01a0I-Ch\u00fang t\u00f4i lu\u00f4n mong mu\u1ed1n b\u1ea1n h\u00e0i l\u00f2ng v\u1edbi s\u1ea3n ph\u1ea9m \u0111\u00e3 ch\u1ecdn.Xin c\u1ea3m \u01a1n qu\u00fd kh\u00e1ch h\u00e0ng!\" \/>\n<meta name=\"robots\" content=\"index, follow, max-snippet:-1, max-image-preview:large, max-video-preview:-1\" \/>\n<link rel=\"canonical\" href=\"https:\/\/luonvuituoi.io.vn\/?page_id=266\" \/>\n<meta property=\"og:locale\" content=\"vi_VN\" \/>\n<meta property=\"og:type\" content=\"article\" \/>\n<meta property=\"og:title\" content=\"Ch\u00ednh S\u00e1ch - Lu\u00f4n Vui T\u01b0\u01a1i\" \/>\n<meta property=\"og:description\" content=\"CH\u00cdNH S\u00c1CH C\u1eecA H\u00c0NG LU\u00d4N VUI T\u01af\u01a0I-Ch\u00fang t\u00f4i lu\u00f4n mong mu\u1ed1n b\u1ea1n h\u00e0i l\u00f2ng v\u1edbi s\u1ea3n ph\u1ea9m \u0111\u00e3 ch\u1ecdn.Xin c\u1ea3m \u01a1n qu\u00fd kh\u00e1ch h\u00e0ng!\" \/>\n<meta property=\"og:url\" content=\"https:\/\/luonvuituoi.io.vn\/?page_id=266\" \/>\n<meta property=\"og:site_name\" content=\"Lu\u00f4n Vui T\u01b0\u01a1i\" \/>\n<meta property=\"article:modified_time\" content=\"2026-03-19T03:00:03+00:00\" \/>\n<meta property=\"og:image\" content=\"https:\/\/luonvuituoi.io.vn\/wp-content\/uploads\/2026\/03\/tui-xach-louis-vuitton-chinh-hang-1.jpg\" \/>\n\t<meta property=\"og:image:width\" content=\"640\" \/>\n\t<meta property=\"og:image:height\" content=\"442\" \/>\n\t<meta property=\"og:image:type\" content=\"image\/jpeg\" \/>\n<meta name=\"twitter:card\" content=\"summary_large_image\" \/>\n<meta name=\"twitter:label1\" content=\"\u01af\u1edbc t\u00ednh th\u1eddi gian \u0111\u1ecdc\" \/>\n\t<meta name=\"twitter:data1\" content=\"3 ph\u00fat\" \/>\n<script type=\"application\/ld+json\" class=\"yoast-schema-graph\">{\"@context\":\"https:\\\/\\\/schema.org\",\"@graph\":[{\"@type\":\"WebPage\",\"@id\":\"https:\\\/\\\/luonvuituoi.io.vn\\\/?page_id=266\",\"url\":\"https:\\\/\\\/luonvuituoi.io.vn\\\/?page_id=266\",\"name\":\"Ch\u00ednh S\u00e1ch - Lu\u00f4n Vui T\u01b0\u01a1i\",\"isPartOf\":{\"@id\":\"https:\\\/\\\/luonvuituoi.io.vn\\\/#website\"},\"primaryImageOfPage\":{\"@id\":\"https:\\\/\\\/luonvuituoi.io.vn\\\/?page_id=266#primaryimage\"},\"image\":{\"@id\":\"https:\\\/\\\/luonvuituoi.io.vn\\\/?page_id=266#primaryimage\"},\"thumbnailUrl\":\"https:\\\/\\\/luonvuituoi.io.vn\\\/wp-content\\\/uploads\\\/2026\\\/03\\\/tui-xach-louis-vuitton-chinh-hang-1.jpg\",\"datePublished\":\"2026-03-19T02:58:30+00:00\",\"dateModified\":\"2026-03-19T03:00:03+00:00\",\"description\":\"CH\u00cdNH S\u00c1CH C\u1eecA H\u00c0NG LU\u00d4N VUI T\u01af\u01a0I-Ch\u00fang t\u00f4i lu\u00f4n mong mu\u1ed1n b\u1ea1n h\u00e0i l\u00f2ng v\u1edbi s\u1ea3n ph\u1ea9m \u0111\u00e3 ch\u1ecdn.Xin c\u1ea3m \u01a1n qu\u00fd kh\u00e1ch h\u00e0ng!\",\"breadcrumb\":{\"@id\":\"https:\\\/\\\/luonvuituoi.io.vn\\\/?page_id=266#breadcrumb\"},\"inLanguage\":\"vi\",\"potentialAction\":[{\"@type\":\"ReadAction\",\"target\":[\"https:\\\/\\\/luonvuituoi.io.vn\\\/?page_id=266\"]}]},{\"@type\":\"ImageObject\",\"inLanguage\":\"vi\",\"@id\":\"https:\\\/\\\/luonvuituoi.io.vn\\\/?page_id=266#primaryimage\",\"url\":\"https:\\\/\\\/luonvuituoi.io.vn\\\/wp-content\\\/uploads\\\/2026\\\/03\\\/tui-xach-louis-vuitton-chinh-hang-1.jpg\",\"contentUrl\":\"https:\\\/\\\/luonvuituoi.io.vn\\\/wp-content\\\/uploads\\\/2026\\\/03\\\/tui-xach-louis-vuitton-chinh-hang-1.jpg\",\"width\":640,\"height\":442},{\"@type\":\"BreadcrumbList\",\"@id\":\"https:\\\/\\\/luonvuituoi.io.vn\\\/?page_id=266#breadcrumb\",\"itemListElement\":[{\"@type\":\"ListItem\",\"position\":1,\"name\":\"Trang ch\u1ee7\",\"item\":\"https:\\\/\\\/luonvuituoi.io.vn\\\/\"},{\"@type\":\"ListItem\",\"position\":2,\"name\":\"Ch\u00ednh S\u00e1ch\"}]},{\"@type\":\"WebSite\",\"@id\":\"https:\\\/\\\/luonvuituoi.io.vn\\\/#website\",\"url\":\"https:\\\/\\\/luonvuituoi.io.vn\\\/\",\"name\":\"Lu\u00f4n Vui T\u01b0\u01a1i\",\"description\":\"\",\"publisher\":{\"@id\":\"https:\\\/\\\/luonvuituoi.io.vn\\\/#organization\"},\"potentialAction\":[{\"@type\":\"SearchAction\",\"target\":{\"@type\":\"EntryPoint\",\"urlTemplate\":\"https:\\\/\\\/luonvuituoi.io.vn\\\/?s={search_term_string}\"},\"query-input\":{\"@type\":\"PropertyValueSpecification\",\"valueRequired\":true,\"valueName\":\"search_term_string\"}}],\"inLanguage\":\"vi\"},{\"@type\":\"Organization\",\"@id\":\"https:\\\/\\\/luonvuituoi.io.vn\\\/#organization\",\"name\":\"Lu\u00f4n Vui T\u01b0\u01a1i\",\"url\":\"https:\\\/\\\/luonvuituoi.io.vn\\\/\",\"logo\":{\"@type\":\"ImageObject\",\"inLanguage\":\"vi\",\"@id\":\"https:\\\/\\\/luonvuituoi.io.vn\\\/#\\\/schema\\\/logo\\\/image\\\/\",\"url\":\"https:\\\/\\\/luonvuituoi.io.vn\\\/wp-content\\\/uploads\\\/2026\\\/03\\\/image-removebg-preview-7.png\",\"contentUrl\":\"https:\\\/\\\/luonvuituoi.io.vn\\\/wp-content\\\/uploads\\\/2026\\\/03\\\/image-removebg-preview-7.png\",\"width\":500,\"height\":500,\"caption\":\"Lu\u00f4n Vui T\u01b0\u01a1i\"},\"image\":{\"@id\":\"https:\\\/\\\/luonvuituoi.io.vn\\\/#\\\/schema\\\/logo\\\/image\\\/\"}}]}<\/script>\n<!-- \/ Yoast SEO plugin. -->","yoast_head_json":{"title":"Ch\u00ednh S\u00e1ch - Lu\u00f4n Vui T\u01b0\u01a1i","description":"CH\u00cdNH S\u00c1CH C\u1eecA H\u00c0NG LU\u00d4N VUI T\u01af\u01a0I-Ch\u00fang t\u00f4i lu\u00f4n mong mu\u1ed1n b\u1ea1n h\u00e0i l\u00f2ng v\u1edbi s\u1ea3n ph\u1ea9m \u0111\u00e3 ch\u1ecdn.Xin c\u1ea3m \u01a1n qu\u00fd kh\u00e1ch h\u00e0ng!","robots":{"index":"index","follow":"follow","max-snippet":"max-snippet:-1","max-image-preview":"max-image-preview:large","max-video-preview":"max-video-preview:-1"},"canonical":"https:\/\/luonvuituoi.io.vn\/?page_id=266","og_locale":"vi_VN","og_type":"article","og_title":"Ch\u00ednh S\u00e1ch - Lu\u00f4n Vui T\u01b0\u01a1i","og_description":"CH\u00cdNH S\u00c1CH C\u1eecA H\u00c0NG LU\u00d4N VUI T\u01af\u01a0I-Ch\u00fang t\u00f4i lu\u00f4n mong mu\u1ed1n b\u1ea1n h\u00e0i l\u00f2ng v\u1edbi s\u1ea3n ph\u1ea9m \u0111\u00e3 ch\u1ecdn.Xin c\u1ea3m \u01a1n qu\u00fd kh\u00e1ch h\u00e0ng!","og_url":"https:\/\/luonvuituoi.io.vn\/?page_id=266","og_site_name":"Lu\u00f4n Vui T\u01b0\u01a1i","article_modified_time":"2026-03-19T03:00:03+00:00","og_image":[{"width":640,"height":442,"url":"https:\/\/luonvuituoi.io.vn\/wp-content\/uploads\/2026\/03\/tui-xach-louis-vuitton-chinh-hang-1.jpg","type":"image\/jpeg"}],"twitter_card":"summary_large_image","twitter_misc":{"\u01af\u1edbc t\u00ednh th\u1eddi gian \u0111\u1ecdc":"3 ph\u00fat"},"schema":{"@context":"https:\/\/schema.org","@graph":[{"@type":"WebPage","@id":"https:\/\/luonvuituoi.io.vn\/?page_id=266","url":"https:\/\/luonvuituoi.io.vn\/?page_id=266","name":"Ch\u00ednh S\u00e1ch - Lu\u00f4n Vui T\u01b0\u01a1i","isPartOf":{"@id":"https:\/\/luonvuituoi.io.vn\/#website"},"primaryImageOfPage":{"@id":"https:\/\/luonvuituoi.io.vn\/?page_id=266#primaryimage"},"image":{"@id":"https:\/\/luonvuituoi.io.vn\/?page_id=266#primaryimage"},"thumbnailUrl":"https:\/\/luonvuituoi.io.vn\/wp-content\/uploads\/2026\/03\/tui-xach-louis-vuitton-chinh-hang-1.jpg","datePublished":"2026-03-19T02:58:30+00:00","dateModified":"2026-03-19T03:00:03+00:00","description":"CH\u00cdNH S\u00c1CH C\u1eecA H\u00c0NG LU\u00d4N VUI T\u01af\u01a0I-Ch\u00fang t\u00f4i lu\u00f4n mong mu\u1ed1n b\u1ea1n h\u00e0i l\u00f2ng v\u1edbi s\u1ea3n ph\u1ea9m \u0111\u00e3 ch\u1ecdn.Xin c\u1ea3m \u01a1n qu\u00fd kh\u00e1ch h\u00e0ng!","breadcrumb":{"@id":"https:\/\/luonvuituoi.io.vn\/?page_id=266#breadcrumb"},"inLanguage":"vi","potentialAction":[{"@type":"ReadAction","target":["https:\/\/luonvuituoi.io.vn\/?page_id=266"]}]},{"@type":"ImageObject","inLanguage":"vi","@id":"https:\/\/luonvuituoi.io.vn\/?page_id=266#primaryimage","url":"https:\/\/luonvuituoi.io.vn\/wp-content\/uploads\/2026\/03\/tui-xach-louis-vuitton-chinh-hang-1.jpg","contentUrl":"https:\/\/luonvuituoi.io.vn\/wp-content\/uploads\/2026\/03\/tui-xach-louis-vuitton-chinh-hang-1.jpg","width":640,"height":442},{"@type":"BreadcrumbList","@id":"https:\/\/luonvuituoi.io.vn\/?page_id=266#breadcrumb","itemListElement":[{"@type":"ListItem","position":1,"name":"Trang ch\u1ee7","item":"https:\/\/luonvuituoi.io.vn\/"},{"@type":"ListItem","position":2,"name":"Ch\u00ednh S\u00e1ch"}]},{"@type":"WebSite","@id":"https:\/\/luonvuituoi.io.vn\/#website","url":"https:\/\/luonvuituoi.io.vn\/","name":"Lu\u00f4n Vui T\u01b0\u01a1i","description":"","publisher":{"@id":"https:\/\/luonvuituoi.io.vn\/#organization"},"potentialAction":[{"@type":"SearchAction","target":{"@type":"EntryPoint","urlTemplate":"https:\/\/luonvuituoi.io.vn\/?s={search_term_string}"},"query-input":{"@type":"PropertyValueSpecification","valueRequired":true,"valueName":"search_term_string"}}],"inLanguage":"vi"},{"@type":"Organization","@id":"https:\/\/luonvuituoi.io.vn\/#organization","name":"Lu\u00f4n Vui T\u01b0\u01a1i","url":"https:\/\/luonvuituoi.io.vn\/","logo":{"@type":"ImageObject","inLanguage":"vi","@id":"https:\/\/luonvuituoi.io.vn\/#\/schema\/logo\/image\/","url":"https:\/\/luonvuituoi.io.vn\/wp-content\/uploads\/2026\/03\/image-removebg-preview-7.png","contentUrl":"https:\/\/luonvuituoi.io.vn\/wp-content\/uploads\/2026\/03\/image-removebg-preview-7.png","width":500,"height":500,"caption":"Lu\u00f4n Vui T\u01b0\u01a1i"},"image":{"@id":"https:\/\/luonvuituoi.io.vn\/#\/schema\/logo\/image\/"}}]}},"jetpack_sharing_enabled":true,"_links":{"self":[{"href":"https:\/\/luonvuituoi.io.vn\/index.php?rest_route=\/wp\/v2\/pages\/266","targetHints":{"allow":["GET"]}}],"collection":[{"href":"https:\/\/luonvuituoi.io.vn\/index.php?rest_route=\/wp\/v2\/pages"}],"about":[{"href":"https:\/\/luonvuituoi.io.vn\/index.php?rest_route=\/wp\/v2\/types\/page"}],"author":[{"embeddable":true,"href":"https:\/\/luonvuituoi.io.vn\/index.php?rest_route=\/wp\/v2\/users\/1"}],"replies":[{"embeddable":true,"href":"https:\/\/luonvuituoi.io.vn\/index.php?rest_route=%2Fwp%2Fv2%2Fcomments&post=266"}],"version-history":[{"count":2,"href":"https:\/\/luonvuituoi.io.vn\/index.php?rest_route=\/wp\/v2\/pages\/266\/revisions"}],"predecessor-version":[{"id":291,"href":"https:\/\/luonvuituoi.io.vn\/index.php?rest_route=\/wp\/v2\/pages\/266\/revisions\/291"}],"wp:featuredmedia":[{"embeddable":true,"href":"https:\/\/luonvuituoi.io.vn\/index.php?rest_route=\/wp\/v2\/media\/280"}],"wp:attachment":[{"href":"https:\/\/luonvuituoi.io.vn\/index.php?rest_route=%2Fwp%2Fv2%2Fmedia&parent=266"}],"curies":[{"name":"wp","href":"https:\/\/api.w.org\/{rel}","templated":true}]}}